{"id":97,"date":"2018-06-17T22:53:25","date_gmt":"2018-06-17T20:53:25","guid":{"rendered":"https:\/\/ligalibe.cz\/?page_id=97"},"modified":"2018-10-24T19:20:52","modified_gmt":"2018-10-24T17:20:52","slug":"nova-petice","status":"publish","type":"page","link":"https:\/\/ligalibe.cz\/en\/ke-stazeni\/nova-petice\/","title":{"rendered":"New petition"},"content":{"rendered":"<p><!--more--><\/p>\n<p><a title=\"nova-petice-2018\" href=\"https:\/\/ligalibe.cz\/wp-content\/uploads\/2018\/08\/nova-petice-2018.pdf\">\u25baCLICK HERE TO DOWNLOAD THE NEW PETITION<\/a><\/p>\n<p><a title=\"nova-petice-podpisovy-arch-gdpr\" href=\"https:\/\/ligalibe.cz\/wp-content\/uploads\/2018\/08\/nova-petice-podpisovy-arch-gdpr.pdf\">\u25baCLICK HERE TO DOWNLOAD THE PETITION SHEET<\/a><\/p>\n<p><a href=\"https:\/\/ligalibe.cz\/en\/peticni-mista\/\">\u25baCLICK HERE TO SHOW PLACES TO SIGN<\/a><\/p>\n<p><a href=\"https:\/\/www.peticezbrane.cz\/cs\/\" target=\"_blank\" rel=\"noopener\">\u25baORIGINAL PETITION WEBSITE<\/a><\/p>\n<h1 style=\"text-align:center;\"><span style=\"color:#000000;\"><strong>NEW 2018 PETITION<\/strong><\/span><\/h1>\n<h3 style=\"text-align:center;\"><span style=\"color:#000000;\">dated 18 January 2018<\/span><\/h3>\n<p style=\"text-align:center;\"><span style=\"color:#000000;\">pursuant to Article 18 of the Charter of Rights and Freedoms and Act No. 85\/1990 Coll., the Right to Petition, and Article 227, the Functioning of the EU Agreement\u00a0<\/span><span style=\"color:#000000;\">Smlouv\u011b o fungov\u00e1n\u00ed EU \u010dl\u00e1nku 227<\/span><\/p>\n<h2 style=\"text-align:center;\"><span style=\"color:#000000;\">\"Retain the rights of Czech citizens with clean criminal records in the area of legal guns\u201c<\/span><\/h2>\n<p><span style=\"color:#000000;\">Hereby this Petition, we, the undersigned citizens of the Czech Republic, are asking the Chamber, the Parliament Senate of the Czech Republic, the President and the Government of the Czech Republic, to renegotiate, support and approve the amendment to the Constitutional Act about safety in the Czech Republic\u00b9, stipulating the right to legal ownership of guns for the purpose of ensuring defence and the internal and external safety of our country. This amendment expresses a symbol yet primarily practical guarantee of the rights of Czech citizens, who meet legally strict conditions for acquiring ownership, possession and carrying of guns. In the future, this constitution will serve as a guarantee to retaining the current legal frameworks, which are proven sufficiently strict and effective and in reality, this will lead to a significant increase in the safety of Czech citizens.<\/span><\/p>\n<p><span style=\"color:#000000;\">Hereby this Petition, we, the undersigned citizens of the Czech Republic, are also urging the relevant Czech authorities to reject the implementation of the \"EU's prohibition directive\u201c\u00b2 because pursuant to the \"Lisbon Treaty\" and Article 346\u00b3 thereof, the internal and external safety of EU member countries is EXCLUSIVELY AT THE DISCRETION OF EVERY MEMBER COUNTRY. Therefore, we are hereby protesting against another planned regulation made by the European Commission about the trouble-free and effective \"gun\" laws in the Czech Republic, in any form generally restricting or prohibiting this. Below, we are also currently and specifically protesting against the ban on the use of proven and irreplaceable lead in firearms and against the restriction of gun accessories and non-fatal self-defence means.<\/span><\/p>\n<p><span style=\"text-decoration:underline;\"><span style=\"color:#000000;text-decoration:underline;\">Members of the Petition Committee:<\/span><\/span><br \/>\n<span style=\"color:#000000;\">Mgr. Pavel \u010cern\u00fd, lieutenant colonel in retirement, Sklon\u011bn\u00e1 7, Prague 9, 190 00<\/span><br \/>\n<span style=\"color:#000000;\">Jaroslav Peka\u0159\u00edk, Iva\u0148 318, 691 23<\/span><br \/>\n<span style=\"color:#000000;\">Ing. Ivo Hofman, Hyp\u0161manova 953, Prague 4, 149 00<\/span><br \/>\n<span style=\"color:#000000;\">Ing. Bc. Bohumil Straka, Ph.D., Kamenn\u00e1 \u010dtvr\u0165 628, Brno, 639 00<\/span><br \/>\n<span style=\"color:#000000;\">Note: Any one of the members is authorized to represent the Petition Committee at any meeting with a state authority.<\/span><br \/>\n<span style=\"color:#000000;\">The Petition Committee (clause required by Section 5(1) Act No. 85\/1990Coll. \u2013 refer to Annex)<\/span><\/p>\n<p><span style=\"color:#000000;\"><strong>ATTENTION!<\/strong><\/span><br \/>\n<span style=\"color:#000000;\">Send the Petition to: Mgr. Pavel \u010cern\u00fd, lieutenant colonel in retirement, Euro Security Products, Hyacintov\u00e1 20,<\/span><br \/>\n<span style=\"color:#000000;\">Prague 10, 106 00, Czech Republic.<\/span><\/p>\n<p><span style=\"color:#000000;\">&#8212;&#8212;&#8212;&#8212;&#8212;&#8212;&#8212;&#8212;&#8212;&#8212;&#8212;&#8212;&#8212;&#8212;&#8212;&#8212;&#8212;&#8212;&#8212;&#8212;&#8212;&#8212;<\/span><\/p>\n<h6><span style=\"color:#000000;\">1) Constitutional Act No. 110\/1998 Coll., the safety of the Czech Republic, as amended by Constitutional Act No. 300\/2000 Coll<\/span><\/h6>\n<p><span style=\"color:#000000;\">2) EU Parliament and EU Council directive 2017\/853, dated 17 May 2017, amending Council directive 91\/477\/EHS about checking the acquisition and possession of guns.<\/span><br \/>\n<span style=\"color:#000000;\">nab\u00fdv\u00e1n\u00ed a dr\u017een\u00ed zbran\u00ed.&#8220;<\/span><\/p>\n<p><span style=\"color:#000000;\">3) Treaty of Lisbon, excerpt:<\/span><br \/>\n<span style=\"color:#000000;\">Article 346 b)<\/span><br \/>\n<span style=\"color:#000000;\">b) Every member country may take measures that it considers necessary to protect the essential interests of its safety and which are linked to the production of arms, ammunition and war material or the related trade<\/span><br \/>\n<span style=\"color:#000000;\">; these measures cannot adversely affect the conditions of economic competition on the internal market for products that are not exclusively intended for military purposes.<\/span><\/p>\n<h2><span style=\"color:#000000;\">Annex \u2013 Charter of Rights and Freedoms<\/span><br \/>\n<span style=\"color:#000000;\">ACT 85\/1990 Coll., dated 27 March 1990 about the Right to Petition<\/span><\/h2>\n<h5><span style=\"color:#000000;\">Federal Assembly of the Czechoslovakian Socialist Republic has agreed on the following law:<\/span><\/h5>\n<p><span style=\"text-decoration:underline;\"><span style=\"color:#000000;text-decoration:underline;\">Introductory Provisions<\/span><\/span><\/p>\n<h5><span style=\"color:#000000;\">Section 1<\/span><\/h5>\n<h5><span style=\"color:#000000;\">(1) Anyone has the right to turn to state authorities, either independently or together with someone, with a request, suggestion or complaint in matters of public or other common interests, which is part of the state authorities' job description (hereinafter referred to as the \"Petition\").<\/span><br \/>\n<span style=\"color:#000000;\">ve\u0159ejn\u00e9ho nebo jin\u00e9ho spole\u010dn\u00e9ho z\u00e1jmu, kter\u00e9 pat\u0159\u00ed do p\u016fsobnosti t\u011bchto org\u00e1n\u016f (d\u00e1le jen &#8222;petice&#8220;).<\/span><\/h5>\n<h5><span style=\"color:#000000;\">(2) Legal persons may exercise this right if it is in compliance with the objectives of their activities.<\/span><\/h5>\n<h5><span style=\"color:#000000;\">(3) The Petition must not interfere with the independence of the court.<\/span><\/h5>\n<h5><span style=\"color:#000000;\">(4) The Petition must not call for a violation of the constitution and laws, deny or restrict personal, political or other rights<\/span><br \/>\n<span style=\"color:#000000;\">of citizens for their nationality, gender, race origin, political or,other beliefs, religion and social status,<\/span><br \/>\n<span style=\"color:#000000;\">or spread hate and intolerance for these reasons, cause violence or serious indecency. <\/span><span style=\"color:#000000;\">hrub\u00e9 neslu\u0161nosti.<\/span><\/h5>\n<h5><span style=\"color:#000000;\">Section 2<\/span><\/h5>\n<h5><span style=\"color:#000000;\">No one may be prevented from exercising their right to petition. Exercising this right cannot be harmful to anyone.<\/span><\/h5>\n<h5><span style=\"color:#000000;\">Section 3<\/span><\/h5>\n<p><span style=\"text-decoration:underline;\"><span style=\"color:#000000;text-decoration:underline;\">Petition Committee<\/span><\/span><\/p>\n<h5><span style=\"color:#000000;\">(1) Citizens may create a Petition Committee. This Committee writes the Petition, gets the citizens to sign it, delivers it to the state authorities and negotiates with them.<\/span><br \/>\n<span style=\"color:#000000;\">vytvo\u0159it peti\u010dn\u00ed v\u00fdbor.<\/span><\/h5>\n<h5><span style=\"color:#000000;\">(2) The Petition Committee is not a legal person.<\/span><\/h5>\n<h5><span style=\"color:#000000;\">(3) The members of the Petition Committee undertake to designate a person over the age of 18, who will represent them in negotiations with state authorities.<\/span><\/h5>\n<h5><span style=\"color:#000000;\">Section 4<\/span><\/h5>\n<p><span style=\"text-decoration:underline;\"><span style=\"color:#000000;text-decoration:underline;\">Getting signatures under the Petition<\/span><\/span><\/p>\n<h5 class=\"translation-block\"><span style=\"color:#000000\">(1) A citizen or a Petition Committee may call upon a citizen to support the Petition with his\/her signature in any way that does not contradict with the law. The citizen states his\/her name, surname and address below the signature. The citizen must be properly informed about the content of the Petition. The citizen must not in any way be forced to sign the Petition.<\/span><\/h5>\n<h5 class=\"translation-block\"><span style=\"color:#000000\">(2) If the signature sheet does not include the text of the Petition, it must be labelled so that it is clear which Petition is being supported by the signatures; The signature sheet must also include the name, surname and address of the person, who wrote the Petition or the name, surname and address of the person, who is the member authorized to represent the members of the Petition Committee in this matter.<\/span><\/h5>\n<h5 class=\"translation-block\"><span style=\"color:#000000\">(3) For the purpose referred to in Paragraph 1, the Petition and signature sheets may also be accessible in public places. The state authority's permission is not necessary for this. However, the operation of vehicles and other vehicles and the interference of public order cannot be restricted.<\/span><\/h5>\n<h5><span style=\"color:#000000;\">(4) A person older than 16 years of age may be entrusted to get signatures in public areas.<\/span><\/h5>\n<p><span style=\"color:#000000;\">Section 5<\/span><\/p>\n<p><span style=\"text-decoration:underline;\"><span style=\"color:#000000;text-decoration:underline;\">Submitting and handling the Petition<\/span><\/span><\/p>\n<h5 class=\"translation-block\"><span style=\"color:#000000\">(1) The Petition must be in written form and must include the name, surname and address of the person, who is submitting it. If the Petition is being submitted by a Petition Committee, the Petition must include the name, surname and address of all the members of the Petition Committee and the name, surname and address of the person, who is the member authorized to represent the members of the Petition Committee in this matter.<\/span><\/h5>\n<h5 class=\"translation-block\"><span style=\"color:#000000\">(2) The state authority undertakes to accept a Petition that is addressed to that particular state authority. If the matter does not fall into its scope of authority, the Petition will be forwarded to the relevant state authority within 5 days and the person, who submitted the Petition, shall be informed.<\/span><\/h5>\n<h5 class=\"translation-block\">(3) The state authority that accepted the Petition undertakes to evaluate its content and give a reply in writing to the person, who submitted it or to the person, who represents the members of the Petition Committee, within 30 days. The reply must include a statement about the content of the Petition and the method in which the Petition was handled.<\/h5>\n<h5><span style=\"color:#000000;\">Section 6<\/span><\/h5>\n<h5 class=\"translation-block\">If a Petition came about as a result of an assembly, the provisions of Section 1, 2 and 5, the Act about the right to assemble (see below) applies, given that it must be stated which assembly it resulted from and how the assembly approved it; The Petition Committee refers to the convener of the assembly. <br>\u2014\u2014\u2014\u2014\u2014\u2014\u2014\u2014\u2014\u2014\u2014\u2014\u2014\u2014\u2014\u2014\u2014\u2014\u2014\u2014\u2014\u2014 <\/br>\n1) Act No. 84\/1990Coll., about the right to assemble<\/h5>\n<p><span style=\"text-decoration:underline;\"><span style=\"color:#000000;text-decoration:underline;\">Mutual Provisions<\/span><\/span><\/p>\n<h5><span style=\"color:#000000;\">Section 7<\/span><\/h5>\n<h5 class=\"translation-block\">State authorities shall amend the method of receiving, discussing and handling Petitions addressed to them in their negotiation rules or similar regulations.<\/h5>\n<h5><span style=\"color:#000000;\">Section 8<\/span><\/h5>\n<h5 class=\"translation-block\">If this Act refers to state authorities, it refers to legal persons, who have been entrusted to be state authorities.<\/h5>\n<h5><span style=\"color:#000000;\">Section 9<\/span><\/h5>\n<h5 class=\"translation-block\">Provisions of other legal regulations amending proceedings before state authorities and receiving and handling complaints, notifications and motions, do not apply for receiving and handling petitions pursuant to this law.<\/h5>\n<h5><span style=\"color:#000000;\">Section 10<\/span><\/h5>\n<h5 class=\"translation-block\"><br>This Act comes into effect on the day it is announced. Article 227 of the Agreement about the functioning of the EU (formerly Article 194 of the EU Agreement) <\/br>Every citizen of the EU and every physical person with permanent residence or a legal person with a statutory address in any one of the member countries has a right to submit a Petition, either independently or together with other citizens or people, to the European Parliament in matters, which fall into the activities of the European Union and which are directly related to it.<\/h5>\n<p><span style=\"text-decoration:underline;\"><span style=\"color:#000000;text-decoration:underline;\">Article 227 of the Agreement about the Functioning of the EU<\/span><\/span><\/p>\n<h5><span style=\"color:#000000;\">(formerly Article 194 of the EU Agreement)<\/span><\/h5>\n<h5 class=\"translation-block\">Every citizen of the EU and every physical person with permanent residence or a legal person with a statutory address in any one of the member countries has a right to submit a Petition, either independently or together with other citizens or people, to the European Parliament in matters, which fall into the activities of the European Union and which are directly related to it.<\/h5>","protected":false},"excerpt":{"rendered":"<p>Aktu\u00e1ln\u00ed zn\u011bn\u00ed petice\u2026.<\/p>","protected":false},"author":140239199,"featured_media":563,"parent":94,"menu_order":0,"comment_status":"closed","ping_status":"closed","template":"templates\/grid-page.php","meta":{"footnotes":""},"tags":[],"class_list":["post-97","page","type-page","status-publish","has-post-thumbnail","hentry"],"jetpack_likes_enabled":true,"jetpack_sharing_enabled":true,"jetpack_shortlink":"https:\/\/wp.me\/P9ZdzN-1z","amp_enabled":false,"_links":{"self":[{"href":"https:\/\/ligalibe.cz\/en\/wp-json\/wp\/v2\/pages\/97","targetHints":{"allow":["GET"]}}],"collection":[{"href":"https:\/\/ligalibe.cz\/en\/wp-json\/wp\/v2\/pages"}],"about":[{"href":"https:\/\/ligalibe.cz\/en\/wp-json\/wp\/v2\/types\/page"}],"author":[{"embeddable":true,"href":"https:\/\/ligalibe.cz\/en\/wp-json\/wp\/v2\/users\/140239199"}],"replies":[{"embeddable":true,"href":"https:\/\/ligalibe.cz\/en\/wp-json\/wp\/v2\/comments?post=97"}],"version-history":[{"count":25,"href":"https:\/\/ligalibe.cz\/en\/wp-json\/wp\/v2\/pages\/97\/revisions"}],"predecessor-version":[{"id":1225,"href":"https:\/\/ligalibe.cz\/en\/wp-json\/wp\/v2\/pages\/97\/revisions\/1225"}],"up":[{"embeddable":true,"href":"https:\/\/ligalibe.cz\/en\/wp-json\/wp\/v2\/pages\/94"}],"wp:featuredmedia":[{"embeddable":true,"href":"https:\/\/ligalibe.cz\/en\/wp-json\/wp\/v2\/media\/563"}],"wp:attachment":[{"href":"https:\/\/ligalibe.cz\/en\/wp-json\/wp\/v2\/media?parent=97"}],"wp:term":[{"taxonomy":"post_tag","embeddable":true,"href":"https:\/\/ligalibe.cz\/en\/wp-json\/wp\/v2\/tags?post=97"}],"curies":[{"name":"wp","href":"https:\/\/api.w.org\/{rel}","templated":true}]}}