{"id":1176,"date":"2018-10-17T16:27:28","date_gmt":"2018-10-17T14:27:28","guid":{"rendered":"http:\/\/ligalibe.cz\/?page_id=1176"},"modified":"2018-10-21T11:16:38","modified_gmt":"2018-10-21T09:16:38","slug":"jak-pridat-logo-ligy-na-svou-profilovou-fotku","status":"publish","type":"page","link":"https:\/\/ligalibe.cz\/en\/ke-stazeni\/jak-pridat-logo-ligy-na-svou-profilovou-fotku\/","title":{"rendered":"How to add Liga logo on facebook profile picture"},"content":{"rendered":"<h2><\/h2>\n<p><!--more--><\/p>\n<h2>Na po\u010d\u00edta\u010di<\/h2>\n<ol>\n<li>\n<h5>Jd\u011bte na sv\u016fj facebookov\u00fd profil a naje\u010fte my\u0161\u00ed na va\u0161i profilovou fotku.<img data-recalc-dims=\"1\" loading=\"lazy\" decoding=\"async\" data-attachment-id=\"1177\" data-permalink=\"https:\/\/ligalibe.cz\/en\/ke-stazeni\/jak-pridat-logo-ligy-na-svou-profilovou-fotku\/np1\/\" data-orig-file=\"https:\/\/i0.wp.com\/ligalibe.cz\/wp-content\/uploads\/2018\/10\/np1.png?fit=1023%2C532&amp;ssl=1\" data-orig-size=\"1023,532\" data-comments-opened=\"1\" data-image-meta=\"{&quot;aperture&quot;:&quot;0&quot;,&quot;credit&quot;:&quot;&quot;,&quot;camera&quot;:&quot;&quot;,&quot;caption&quot;:&quot;&quot;,&quot;created_timestamp&quot;:&quot;0&quot;,&quot;copyright&quot;:&quot;&quot;,&quot;focal_length&quot;:&quot;0&quot;,&quot;iso&quot;:&quot;0&quot;,&quot;shutter_speed&quot;:&quot;0&quot;,&quot;title&quot;:&quot;&quot;,&quot;orientation&quot;:&quot;0&quot;}\" data-image-title=\"np1\" data-image-description=\"\" data-image-caption=\"\" data-large-file=\"https:\/\/i0.wp.com\/ligalibe.cz\/wp-content\/uploads\/2018\/10\/np1.png?fit=750%2C390&amp;ssl=1\" class=\"alignnone  wp-image-1177\" src=\"https:\/\/i0.wp.com\/ligalibe.cz\/wp-content\/uploads\/2018\/10\/np1.png?resize=750%2C390&#038;ssl=1\" alt=\"np1\" width=\"750\" height=\"390\" \/><\/h5>\n<\/li>\n<li>\n<h5>Otev\u0159e se v\u00e1m nab\u00eddka, zde kliknete na &#8222;P\u0159idat r\u00e1me\u010dek.<img data-recalc-dims=\"1\" loading=\"lazy\" decoding=\"async\" data-attachment-id=\"1183\" data-permalink=\"https:\/\/ligalibe.cz\/en\/ke-stazeni\/jak-pridat-logo-ligy-na-svou-profilovou-fotku\/np2\/\" data-orig-file=\"https:\/\/i0.wp.com\/ligalibe.cz\/wp-content\/uploads\/2018\/10\/np2.png?fit=967%2C648&amp;ssl=1\" data-orig-size=\"967,648\" data-comments-opened=\"1\" data-image-meta=\"{&quot;aperture&quot;:&quot;0&quot;,&quot;credit&quot;:&quot;&quot;,&quot;camera&quot;:&quot;&quot;,&quot;caption&quot;:&quot;&quot;,&quot;created_timestamp&quot;:&quot;0&quot;,&quot;copyright&quot;:&quot;&quot;,&quot;focal_length&quot;:&quot;0&quot;,&quot;iso&quot;:&quot;0&quot;,&quot;shutter_speed&quot;:&quot;0&quot;,&quot;title&quot;:&quot;&quot;,&quot;orientation&quot;:&quot;0&quot;}\" data-image-title=\"np2\" data-image-description=\"\" data-image-caption=\"\" data-large-file=\"https:\/\/i0.wp.com\/ligalibe.cz\/wp-content\/uploads\/2018\/10\/np2.png?fit=750%2C503&amp;ssl=1\" class=\"alignnone size-full wp-image-1183\" src=\"https:\/\/i0.wp.com\/ligalibe.cz\/wp-content\/uploads\/2018\/10\/np2.png?resize=750%2C503&#038;ssl=1\" alt=\"np2\" width=\"750\" height=\"503\" \/><\/h5>\n<\/li>\n<li>\n<h5>Do vyhled\u00e1vac\u00edho okna napi\u0161te &#8222;Logo LIGA LIBE&#8220;. Nyn\u00ed si vyberte pozici loga na sv\u00e9 profilov\u00e9 fotce, pot\u00e9 nastavte &#8222;nikdy&#8220;, aby v\u00e1m logo z\u016fstalo trvale na va\u0161\u00ed profilov\u00e9 fotce. Pokud m\u00e1te v\u0161e nastaven\u00e9, klikn\u011bte na &#8222;Pou\u017e\u00edt jako profilov\u00fd obr\u00e1zek&#8220;.<img data-recalc-dims=\"1\" loading=\"lazy\" decoding=\"async\" data-attachment-id=\"1184\" data-permalink=\"https:\/\/ligalibe.cz\/en\/ke-stazeni\/jak-pridat-logo-ligy-na-svou-profilovou-fotku\/np3\/\" data-orig-file=\"https:\/\/i0.wp.com\/ligalibe.cz\/wp-content\/uploads\/2018\/10\/np3.png?fit=917%2C829&amp;ssl=1\" data-orig-size=\"917,829\" data-comments-opened=\"1\" data-image-meta=\"{&quot;aperture&quot;:&quot;0&quot;,&quot;credit&quot;:&quot;&quot;,&quot;camera&quot;:&quot;&quot;,&quot;caption&quot;:&quot;&quot;,&quot;created_timestamp&quot;:&quot;0&quot;,&quot;copyright&quot;:&quot;&quot;,&quot;focal_length&quot;:&quot;0&quot;,&quot;iso&quot;:&quot;0&quot;,&quot;shutter_speed&quot;:&quot;0&quot;,&quot;title&quot;:&quot;&quot;,&quot;orientation&quot;:&quot;0&quot;}\" data-image-title=\"np3\" data-image-description=\"\" data-image-caption=\"\" data-large-file=\"https:\/\/i0.wp.com\/ligalibe.cz\/wp-content\/uploads\/2018\/10\/np3.png?fit=750%2C678&amp;ssl=1\" class=\"alignnone size-full wp-image-1184\" src=\"https:\/\/i0.wp.com\/ligalibe.cz\/wp-content\/uploads\/2018\/10\/np3.png?resize=750%2C678&#038;ssl=1\" alt=\"np3\" width=\"750\" height=\"678\" \/><\/h5>\n<\/li>\n<\/ol>\n<h2><\/h2>\n<h2>Na mobiln\u00edm telefonu<\/h2>\n<ol>\n<li>\n<h5>Jd\u011bte na sv\u016fj facebookov\u00fd profil a klikn\u011bte na &#8222;UPRAVIT&#8220;.<img data-recalc-dims=\"1\" loading=\"lazy\" decoding=\"async\" class=\"alignnone  wp-image-1185\" src=\"https:\/\/i0.wp.com\/ligalibe.cz\/wp-content\/uploads\/2018\/10\/mn1.jpg?resize=495%2C880&#038;ssl=1\" alt=\"mn1\" width=\"495\" height=\"880\" \/><\/h5>\n<\/li>\n<li>\n<h5>Otev\u0159e se v\u00e1m nab\u00eddka, zde klikn\u011bte na &#8222;P\u0159idat masku&#8220;.<img data-recalc-dims=\"1\" loading=\"lazy\" decoding=\"async\" data-attachment-id=\"1186\" data-permalink=\"https:\/\/ligalibe.cz\/en\/ke-stazeni\/jak-pridat-logo-ligy-na-svou-profilovou-fotku\/mn2\/\" data-orig-file=\"https:\/\/i0.wp.com\/ligalibe.cz\/wp-content\/uploads\/2018\/10\/mn2.jpg?fit=720%2C1229&amp;ssl=1\" data-orig-size=\"720,1229\" data-comments-opened=\"1\" data-image-meta=\"{&quot;aperture&quot;:&quot;0&quot;,&quot;credit&quot;:&quot;&quot;,&quot;camera&quot;:&quot;&quot;,&quot;caption&quot;:&quot;&quot;,&quot;created_timestamp&quot;:&quot;0&quot;,&quot;copyright&quot;:&quot;&quot;,&quot;focal_length&quot;:&quot;0&quot;,&quot;iso&quot;:&quot;0&quot;,&quot;shutter_speed&quot;:&quot;0&quot;,&quot;title&quot;:&quot;&quot;,&quot;orientation&quot;:&quot;0&quot;}\" data-image-title=\"mn2\" data-image-description=\"\" data-image-caption=\"\" data-large-file=\"https:\/\/i0.wp.com\/ligalibe.cz\/wp-content\/uploads\/2018\/10\/mn2.jpg?fit=600%2C1024&amp;ssl=1\" class=\"alignnone  wp-image-1186\" src=\"https:\/\/i0.wp.com\/ligalibe.cz\/wp-content\/uploads\/2018\/10\/mn2.jpg?resize=498%2C850&#038;ssl=1\" alt=\"mn2\" width=\"498\" height=\"850\" \/><\/h5>\n<\/li>\n<li>\n<h5>Do vyhled\u00e1vac\u00edho ok\u00e9nka napi\u0161te &#8222;Logo LIGA LIBE&#8220;. Nyn\u00ed si vyberte pozici loga na sv\u00e9 profilov\u00e9 fotce.<br \/>\n<img data-recalc-dims=\"1\" loading=\"lazy\" decoding=\"async\" data-attachment-id=\"1189\" data-permalink=\"https:\/\/ligalibe.cz\/en\/mn3\/\" data-orig-file=\"https:\/\/i0.wp.com\/ligalibe.cz\/wp-content\/uploads\/2018\/10\/mn3.jpg?fit=720%2C1228&amp;ssl=1\" data-orig-size=\"720,1228\" data-comments-opened=\"1\" data-image-meta=\"{&quot;aperture&quot;:&quot;0&quot;,&quot;credit&quot;:&quot;&quot;,&quot;camera&quot;:&quot;&quot;,&quot;caption&quot;:&quot;&quot;,&quot;created_timestamp&quot;:&quot;0&quot;,&quot;copyright&quot;:&quot;&quot;,&quot;focal_length&quot;:&quot;0&quot;,&quot;iso&quot;:&quot;0&quot;,&quot;shutter_speed&quot;:&quot;0&quot;,&quot;title&quot;:&quot;&quot;,&quot;orientation&quot;:&quot;0&quot;}\" data-image-title=\"mn3\" data-image-description=\"\" data-image-caption=\"\" data-large-file=\"https:\/\/i0.wp.com\/ligalibe.cz\/wp-content\/uploads\/2018\/10\/mn3.jpg?fit=600%2C1024&amp;ssl=1\" class=\"alignnone  wp-image-1189\" src=\"https:\/\/i0.wp.com\/ligalibe.cz\/wp-content\/uploads\/2018\/10\/mn3.jpg?resize=498%2C850&#038;ssl=1\" alt=\"mn3\" width=\"498\" height=\"850\" \/><\/h5>\n<\/li>\n<li>\n<h5>Sje\u010fte m\u00edrn\u011b dol\u016f a klikn\u011bte na &#8222;nastavit do\u010dasn\u011b&#8220;, pot\u00e9 vyberte &#8222;Nastavit jako trval\u00fd&#8220;. Te\u010f u\u017e sta\u010d\u00ed pouze kliknout na &#8222;ULO\u017dIT&#8220;.<\/h5>\n<h5><img data-recalc-dims=\"1\" loading=\"lazy\" decoding=\"async\" data-attachment-id=\"1192\" data-permalink=\"https:\/\/ligalibe.cz\/en\/ke-stazeni\/jak-pridat-logo-ligy-na-svou-profilovou-fotku\/mn4\/\" data-orig-file=\"https:\/\/i0.wp.com\/ligalibe.cz\/wp-content\/uploads\/2018\/10\/mn41.jpg?fit=720%2C1230&amp;ssl=1\" data-orig-size=\"720,1230\" data-comments-opened=\"1\" data-image-meta=\"{&quot;aperture&quot;:&quot;0&quot;,&quot;credit&quot;:&quot;&quot;,&quot;camera&quot;:&quot;&quot;,&quot;caption&quot;:&quot;&quot;,&quot;created_timestamp&quot;:&quot;0&quot;,&quot;copyright&quot;:&quot;&quot;,&quot;focal_length&quot;:&quot;0&quot;,&quot;iso&quot;:&quot;0&quot;,&quot;shutter_speed&quot;:&quot;0&quot;,&quot;title&quot;:&quot;&quot;,&quot;orientation&quot;:&quot;0&quot;}\" data-image-title=\"mn4\" data-image-description=\"\" data-image-caption=\"\" data-large-file=\"https:\/\/i0.wp.com\/ligalibe.cz\/wp-content\/uploads\/2018\/10\/mn41.jpg?fit=599%2C1024&amp;ssl=1\" class=\"alignnone  wp-image-1192\" src=\"https:\/\/i0.wp.com\/ligalibe.cz\/wp-content\/uploads\/2018\/10\/mn41.jpg?resize=493%2C842&#038;ssl=1\" alt=\"mn4\" width=\"493\" height=\"842\" \/><\/h5>\n<\/li>\n<\/ol>","protected":false},"excerpt":{"rendered":"","protected":false},"author":140239199,"featured_media":563,"parent":94,"menu_order":5,"comment_status":"closed","ping_status":"closed","template":"templates\/grid-page.php","meta":{"footnotes":""},"tags":[],"class_list":["post-1176","page","type-page","status-publish","has-post-thumbnail","hentry"],"jetpack_likes_enabled":true,"jetpack_sharing_enabled":true,"jetpack_shortlink":"https:\/\/wp.me\/P9ZdzN-iY","amp_enabled":false,"_links":{"self":[{"href":"https:\/\/ligalibe.cz\/en\/wp-json\/wp\/v2\/pages\/1176","targetHints":{"allow":["GET"]}}],"collection":[{"href":"https:\/\/ligalibe.cz\/en\/wp-json\/wp\/v2\/pages"}],"about":[{"href":"https:\/\/ligalibe.cz\/en\/wp-json\/wp\/v2\/types\/page"}],"author":[{"embeddable":true,"href":"https:\/\/ligalibe.cz\/en\/wp-json\/wp\/v2\/users\/140239199"}],"replies":[{"embeddable":true,"href":"https:\/\/ligalibe.cz\/en\/wp-json\/wp\/v2\/comments?post=1176"}],"version-history":[{"count":7,"href":"https:\/\/ligalibe.cz\/en\/wp-json\/wp\/v2\/pages\/1176\/revisions"}],"predecessor-version":[{"id":1214,"href":"https:\/\/ligalibe.cz\/en\/wp-json\/wp\/v2\/pages\/1176\/revisions\/1214"}],"up":[{"embeddable":true,"href":"https:\/\/ligalibe.cz\/en\/wp-json\/wp\/v2\/pages\/94"}],"wp:featuredmedia":[{"embeddable":true,"href":"https:\/\/ligalibe.cz\/en\/wp-json\/wp\/v2\/media\/563"}],"wp:attachment":[{"href":"https:\/\/ligalibe.cz\/en\/wp-json\/wp\/v2\/media?parent=1176"}],"wp:term":[{"taxonomy":"post_tag","embeddable":true,"href":"https:\/\/ligalibe.cz\/en\/wp-json\/wp\/v2\/tags?post=1176"}],"curies":[{"name":"wp","href":"https:\/\/api.w.org\/{rel}","templated":true}]}}